{"id":89,"date":"2015-02-08T17:41:55","date_gmt":"2015-02-08T20:41:55","guid":{"rendered":"http:\/\/www.ordemdourada.org\/?page_id=89"},"modified":"2021-05-06T20:30:13","modified_gmt":"2021-05-06T23:30:13","slug":"quem-somos-2","status":"publish","type":"page","link":"https:\/\/www.ordemdourada.org\/index.php\/quem-somos-2\/","title":{"rendered":"Quem Somos"},"content":{"rendered":"<h2 style=\"text-align: center;\">Quem Somos<\/h2>\n<p style=\"text-align: justify;\">A Ordem Dourada do Brasil \u00e9 uma fraternidade de patriotas, que re\u00fane for\u00e7as e intelig\u00eancia para nos mobilizarmos contra a implanta\u00e7\u00e3o do comunismo no Brasil. Somos a linha de frente das hierarquias espirituais na Terra, onde lutamos intensamente contra o mal em nossa P\u00e1tria, que se manifesta atualmente na amea\u00e7a vermelha do comunismo.<\/p>\n<h3 style=\"text-align: justify;\">O que queremos?<\/h3>\n<p style=\"text-align: justify;\">Queremos reunir todas as pessoas que verdadeiramente amam o seu Pa\u00eds, e n\u00e3o querem jamais que ele se torne um bra\u00e7o do comunismo mundial. Sabemos quem est\u00e1 nos bastidores da implanta\u00e7\u00e3o do comunismo no Brasil, e nosso esfor\u00e7os \u00e9 no sentido de impedir que a agenda desses invasores ap\u00e1tridas se concretize, levando o povo brasileiro \u00e2 escravid\u00e3o e ao caos total. Devido \u00e0 gravidade da situa\u00e7\u00e3o, enxergamos somente a uni\u00e3o do Povo legitimamente Patriota e Crist\u00e3o\u00a0 como solu\u00e7\u00e3o para restaurar a Lei e a Ordem no Pa\u00eds.<\/p>\n<h3 style=\"text-align: justify;\">Como agimos?<\/h3>\n<p style=\"text-align: justify;\">Somos ativistas da consci\u00eancia, fazemos campanhas de conscientiza\u00e7\u00e3o para que as pessoas enxerguem os perigos que amea\u00e7am a na\u00e7\u00e3o brasileira, atrav\u00e9s de manifesta\u00e7\u00f5es, panfletagens, cyberativismo e distribui\u00e7\u00e3o gratuita de diversos materiais informativos.<\/p>\n<p style=\"text-align: justify;\">Acesse nossas p\u00e1ginas no facebook:<\/p>\n<p style=\"text-align: justify;\">http:\/\/www.facebook.com\/ordedouradadobrasil<\/p>\n<p style=\"text-align: justify;\">http:\/\/www.facebook.com\/groups\/ordedourada<\/p>\n","protected":false},"excerpt":{"rendered":"<p>Quem Somos A Ordem Dourada do Brasil \u00e9 uma fraternidade de patriotas, que re\u00fane for\u00e7as e intelig\u00eancia para nos mobilizarmos contra a implanta\u00e7\u00e3o do comunismo no Brasil. Somos a linha de frente das hierarquias espirituais na Terra, onde lutamos intensamente contra o mal em nossa P\u00e1tria, que se manifesta atualmente na amea\u00e7a vermelha do comunismo. O que queremos? Queremos reunir todas as pessoas que verdadeiramente amam o seu Pa\u00eds, e n\u00e3o querem jamais que ele se torne um bra\u00e7o do comunismo mundial. Sabemos quem est\u00e1 nos bastidores da implanta\u00e7\u00e3o do comunismo no Brasil, e nosso esfor\u00e7os \u00e9 no sentido de impedir que a agenda desses invasores ap\u00e1tridas se concretize, levando o povo brasileiro \u00e2 escravid\u00e3o e ao caos total. Devido \u00e0 gravidade da situa\u00e7\u00e3o, enxergamos somente a uni\u00e3o do Povo legitimamente Patriota e Crist\u00e3o\u00a0 como solu\u00e7\u00e3o para restaurar a Lei e a Ordem no Pa\u00eds. Como agimos? Somos ativistas da consci\u00eancia, fazemos campanhas de conscientiza\u00e7\u00e3o para que as pessoas enxerguem os perigos que amea\u00e7am a na\u00e7\u00e3o brasileira, atrav\u00e9s de manifesta\u00e7\u00f5es, panfletagens, cyberativismo e distribui\u00e7\u00e3o gratuita de diversos materiais informativos. Acesse nossas p\u00e1ginas no facebook: http:\/\/www.facebook.com\/ordedouradadobrasil http:\/\/www.facebook.com\/groups\/ordedourada<\/p>\n","protected":false},"author":1,"featured_media":0,"parent":0,"menu_order":0,"comment_status":"open","ping_status":"open","template":"","meta":{"jetpack_post_was_ever_published":false,"footnotes":""},"class_list":["post-89","page","type-page","status-publish","hentry"],"aioseo_notices":[],"yoast_head":"<!-- This site is optimized with the Yoast SEO plugin v24.2 - https:\/\/yoast.com\/wordpress\/plugins\/seo\/ -->\n<title>Quem Somos - Ordem Dourada<\/title>\n<meta name=\"description\" content=\"Quem somos. A Ordem Dourada do Brasil \u00e9 uma fraternidade de patriotas, que re\u00fane for\u00e7as e intelig\u00eancia contra a implanta\u00e7\u00e3o do comunismo no Brasil.\" \/>\n<meta name=\"robots\" content=\"index, follow, max-snippet:-1, max-image-preview:large, max-video-preview:-1\" \/>\n<link rel=\"canonical\" href=\"https:\/\/www.ordemdourada.org\/index.php\/quem-somos-2\/\" \/>\n<meta property=\"og:locale\" content=\"pt_BR\" \/>\n<meta property=\"og:type\" content=\"article\" \/>\n<meta property=\"og:title\" content=\"Quem Somos - Ordem Dourada\" \/>\n<meta property=\"og:description\" content=\"Quem somos. A Ordem Dourada do Brasil \u00e9 uma fraternidade de patriotas, que re\u00fane for\u00e7as e intelig\u00eancia contra a implanta\u00e7\u00e3o do comunismo no Brasil.\" \/>\n<meta property=\"og:url\" content=\"https:\/\/www.ordemdourada.org\/index.php\/quem-somos-2\/\" \/>\n<meta property=\"og:site_name\" content=\"Ordem Dourada\" \/>\n<meta property=\"article:modified_time\" content=\"2021-05-06T23:30:13+00:00\" \/>\n<meta name=\"twitter:label1\" content=\"Est. tempo de leitura\" \/>\n\t<meta name=\"twitter:data1\" content=\"1 minuto\" \/>\n<script type=\"application\/ld+json\" class=\"yoast-schema-graph\">{\"@context\":\"https:\/\/schema.org\",\"@graph\":[{\"@type\":\"WebPage\",\"@id\":\"https:\/\/www.ordemdourada.org\/index.php\/quem-somos-2\/\",\"url\":\"https:\/\/www.ordemdourada.org\/index.php\/quem-somos-2\/\",\"name\":\"Quem Somos - Ordem Dourada\",\"isPartOf\":{\"@id\":\"https:\/\/www.ordemdourada.org\/#website\"},\"datePublished\":\"2015-02-08T20:41:55+00:00\",\"dateModified\":\"2021-05-06T23:30:13+00:00\",\"description\":\"Quem somos. A Ordem Dourada do Brasil \u00e9 uma fraternidade de patriotas, que re\u00fane for\u00e7as e intelig\u00eancia contra a implanta\u00e7\u00e3o do comunismo no Brasil.\",\"breadcrumb\":{\"@id\":\"https:\/\/www.ordemdourada.org\/index.php\/quem-somos-2\/#breadcrumb\"},\"inLanguage\":\"pt-BR\",\"potentialAction\":[{\"@type\":\"ReadAction\",\"target\":[\"https:\/\/www.ordemdourada.org\/index.php\/quem-somos-2\/\"]}]},{\"@type\":\"BreadcrumbList\",\"@id\":\"https:\/\/www.ordemdourada.org\/index.php\/quem-somos-2\/#breadcrumb\",\"itemListElement\":[{\"@type\":\"ListItem\",\"position\":1,\"name\":\"In\u00edcio\",\"item\":\"https:\/\/www.ordemdourada.org\/\"},{\"@type\":\"ListItem\",\"position\":2,\"name\":\"Quem Somos\"}]},{\"@type\":\"WebSite\",\"@id\":\"https:\/\/www.ordemdourada.org\/#website\",\"url\":\"https:\/\/www.ordemdourada.org\/\",\"name\":\"Ordem Dourada\",\"description\":\"Crist\u00e3os Unidos pela Salva\u00e7\u00e3o Mundial\",\"potentialAction\":[{\"@type\":\"SearchAction\",\"target\":{\"@type\":\"EntryPoint\",\"urlTemplate\":\"https:\/\/www.ordemdourada.org\/?s={search_term_string}\"},\"query-input\":{\"@type\":\"PropertyValueSpecification\",\"valueRequired\":true,\"valueName\":\"search_term_string\"}}],\"inLanguage\":\"pt-BR\"}]}<\/script>\n<!-- \/ Yoast SEO plugin. -->","yoast_head_json":{"title":"Quem Somos - Ordem Dourada","description":"Quem somos. A Ordem Dourada do Brasil \u00e9 uma fraternidade de patriotas, que re\u00fane for\u00e7as e intelig\u00eancia contra a implanta\u00e7\u00e3o do comunismo no Brasil.","robots":{"index":"index","follow":"follow","max-snippet":"max-snippet:-1","max-image-preview":"max-image-preview:large","max-video-preview":"max-video-preview:-1"},"canonical":"https:\/\/www.ordemdourada.org\/index.php\/quem-somos-2\/","og_locale":"pt_BR","og_type":"article","og_title":"Quem Somos - Ordem Dourada","og_description":"Quem somos. A Ordem Dourada do Brasil \u00e9 uma fraternidade de patriotas, que re\u00fane for\u00e7as e intelig\u00eancia contra a implanta\u00e7\u00e3o do comunismo no Brasil.","og_url":"https:\/\/www.ordemdourada.org\/index.php\/quem-somos-2\/","og_site_name":"Ordem Dourada","article_modified_time":"2021-05-06T23:30:13+00:00","twitter_misc":{"Est. tempo de leitura":"1 minuto"},"schema":{"@context":"https:\/\/schema.org","@graph":[{"@type":"WebPage","@id":"https:\/\/www.ordemdourada.org\/index.php\/quem-somos-2\/","url":"https:\/\/www.ordemdourada.org\/index.php\/quem-somos-2\/","name":"Quem Somos - Ordem Dourada","isPartOf":{"@id":"https:\/\/www.ordemdourada.org\/#website"},"datePublished":"2015-02-08T20:41:55+00:00","dateModified":"2021-05-06T23:30:13+00:00","description":"Quem somos. A Ordem Dourada do Brasil \u00e9 uma fraternidade de patriotas, que re\u00fane for\u00e7as e intelig\u00eancia contra a implanta\u00e7\u00e3o do comunismo no Brasil.","breadcrumb":{"@id":"https:\/\/www.ordemdourada.org\/index.php\/quem-somos-2\/#breadcrumb"},"inLanguage":"pt-BR","potentialAction":[{"@type":"ReadAction","target":["https:\/\/www.ordemdourada.org\/index.php\/quem-somos-2\/"]}]},{"@type":"BreadcrumbList","@id":"https:\/\/www.ordemdourada.org\/index.php\/quem-somos-2\/#breadcrumb","itemListElement":[{"@type":"ListItem","position":1,"name":"In\u00edcio","item":"https:\/\/www.ordemdourada.org\/"},{"@type":"ListItem","position":2,"name":"Quem Somos"}]},{"@type":"WebSite","@id":"https:\/\/www.ordemdourada.org\/#website","url":"https:\/\/www.ordemdourada.org\/","name":"Ordem Dourada","description":"Crist\u00e3os Unidos pela Salva\u00e7\u00e3o Mundial","potentialAction":[{"@type":"SearchAction","target":{"@type":"EntryPoint","urlTemplate":"https:\/\/www.ordemdourada.org\/?s={search_term_string}"},"query-input":{"@type":"PropertyValueSpecification","valueRequired":true,"valueName":"search_term_string"}}],"inLanguage":"pt-BR"}]}},"jetpack_sharing_enabled":true,"jetpack_shortlink":"https:\/\/wp.me\/P4mm6X-1r","_links":{"self":[{"href":"https:\/\/www.ordemdourada.org\/index.php\/wp-json\/wp\/v2\/pages\/89","targetHints":{"allow":["GET"]}}],"collection":[{"href":"https:\/\/www.ordemdourada.org\/index.php\/wp-json\/wp\/v2\/pages"}],"about":[{"href":"https:\/\/www.ordemdourada.org\/index.php\/wp-json\/wp\/v2\/types\/page"}],"author":[{"embeddable":true,"href":"https:\/\/www.ordemdourada.org\/index.php\/wp-json\/wp\/v2\/users\/1"}],"replies":[{"embeddable":true,"href":"https:\/\/www.ordemdourada.org\/index.php\/wp-json\/wp\/v2\/comments?post=89"}],"version-history":[{"count":4,"href":"https:\/\/www.ordemdourada.org\/index.php\/wp-json\/wp\/v2\/pages\/89\/revisions"}],"predecessor-version":[{"id":909,"href":"https:\/\/www.ordemdourada.org\/index.php\/wp-json\/wp\/v2\/pages\/89\/revisions\/909"}],"wp:attachment":[{"href":"https:\/\/www.ordemdourada.org\/index.php\/wp-json\/wp\/v2\/media?parent=89"}],"curies":[{"name":"wp","href":"https:\/\/api.w.org\/{rel}","templated":true}]}}