{"id":69,"date":"2015-02-05T14:11:49","date_gmt":"2015-02-05T17:11:49","guid":{"rendered":"http:\/\/www.ordemdourada.org\/?page_id=69"},"modified":"2015-02-05T14:30:34","modified_gmt":"2015-02-05T17:30:34","slug":"contato","status":"publish","type":"page","link":"https:\/\/www.ordemdourada.org\/index.php\/contato\/","title":{"rendered":"Contato"},"content":{"rendered":"<p>A Ordem Dourada do Brasil agradece seu contato e se coloca a disposi\u00e7\u00e3o para esclarecimentos a respeito do trabalho altru\u00edsta e sem fins lucrativos, de defesa<br \/>\nda nossa p\u00e1tria e do trabalho ps\u00edquico-alqu\u00edmico para o desenvolvimento da consci\u00eancia.<br \/>\n\n<div class=\"wpcf7 no-js\" id=\"wpcf7-f68-o1\" lang=\"pt-BR\" dir=\"ltr\" data-wpcf7-id=\"68\">\n<div class=\"screen-reader-response\"><p role=\"status\" aria-live=\"polite\" aria-atomic=\"true\"><\/p> <ul><\/ul><\/div>\n<form action=\"\/index.php\/wp-json\/wp\/v2\/pages\/69#wpcf7-f68-o1\" method=\"post\" class=\"wpcf7-form init\" aria-label=\"Formul\u00e1rios de contato\" novalidate=\"novalidate\" data-status=\"init\">\n<div style=\"display: none;\">\n<input type=\"hidden\" name=\"_wpcf7\" value=\"68\" \/>\n<input type=\"hidden\" name=\"_wpcf7_version\" value=\"6.0.2\" \/>\n<input type=\"hidden\" name=\"_wpcf7_locale\" value=\"pt_BR\" \/>\n<input type=\"hidden\" name=\"_wpcf7_unit_tag\" value=\"wpcf7-f68-o1\" \/>\n<input type=\"hidden\" name=\"_wpcf7_container_post\" value=\"0\" \/>\n<input type=\"hidden\" name=\"_wpcf7_posted_data_hash\" value=\"\" \/>\n<\/div>\n<p>Seu nome (obrigat\u00f3rio)\n<\/p>\n<p><span class=\"wpcf7-form-control-wrap\" data-name=\"your-name\"><input size=\"40\" maxlength=\"400\" class=\"wpcf7-form-control wpcf7-text wpcf7-validates-as-required\" aria-required=\"true\" aria-invalid=\"false\" value=\"\" type=\"text\" name=\"your-name\" \/><\/span>\n<\/p>\n<p>Seu e-mail (obrigat\u00f3rio)\n<\/p>\n<p><span class=\"wpcf7-form-control-wrap\" data-name=\"your-email\"><input size=\"40\" maxlength=\"400\" class=\"wpcf7-form-control wpcf7-email wpcf7-validates-as-required wpcf7-text wpcf7-validates-as-email\" aria-required=\"true\" aria-invalid=\"false\" value=\"\" type=\"email\" name=\"your-email\" \/><\/span>\n<\/p>\n<p>Assunto\n<\/p>\n<p><span class=\"wpcf7-form-control-wrap\" data-name=\"your-subject\"><input size=\"40\" maxlength=\"400\" class=\"wpcf7-form-control wpcf7-text\" aria-invalid=\"false\" value=\"\" type=\"text\" name=\"your-subject\" \/><\/span>\n<\/p>\n<p>Sua mensagem\n<\/p>\n<p><span class=\"wpcf7-form-control-wrap\" data-name=\"your-message\"><textarea cols=\"40\" rows=\"10\" maxlength=\"2000\" class=\"wpcf7-form-control wpcf7-textarea\" aria-invalid=\"false\" name=\"your-message\"><\/textarea><\/span>\n<\/p>\n<p><input type=\"hidden\" name=\"_wpcf7_captcha_challenge_captcha-597\" value=\"2731176611\" \/><img loading=\"lazy\" decoding=\"async\" class=\"wpcf7-form-control wpcf7-captchac wpcf7-captcha-captcha-597\" width=\"72\" height=\"24\" alt=\"captcha\" src=\"https:\/\/www.ordemdourada.org\/wp-content\/uploads\/wpcf7_captcha\/2731176611.png\" \/>\n<\/p>\n<p><span class=\"wpcf7-form-control-wrap\" data-name=\"captcha-597\"><input size=\"40\" class=\"wpcf7-form-control wpcf7-captchar\" autocomplete=\"off\" aria-invalid=\"false\" value=\"\" type=\"text\" name=\"captcha-597\" \/><\/span>\n<\/p>\n<p><input class=\"wpcf7-form-control wpcf7-submit has-spinner\" type=\"submit\" value=\"Enviar\" \/>\n<\/p><p style=\"display: none !important;\" class=\"akismet-fields-container\" data-prefix=\"_wpcf7_ak_\"><label>&#916;<textarea name=\"_wpcf7_ak_hp_textarea\" cols=\"45\" rows=\"8\" maxlength=\"100\"><\/textarea><\/label><input type=\"hidden\" id=\"ak_js_1\" name=\"_wpcf7_ak_js\" value=\"146\"\/><script>document.getElementById( \"ak_js_1\" ).setAttribute( \"value\", ( new Date() ).getTime() );<\/script><\/p><div class=\"wpcf7-response-output\" aria-hidden=\"true\"><\/div>\n<\/form>\n<\/div>\n<\/p>\n","protected":false},"excerpt":{"rendered":"<p>A Ordem Dourada do Brasil agradece seu contato e se coloca a disposi\u00e7\u00e3o para esclarecimentos a respeito do trabalho altru\u00edsta e sem fins lucrativos, de defesa da nossa p\u00e1tria e do trabalho ps\u00edquico-alqu\u00edmico para o desenvolvimento da consci\u00eancia. Seu nome (obrigat\u00f3rio) Seu e-mail (obrigat\u00f3rio) Assunto Sua mensagem &#916;<\/p>\n","protected":false},"author":1,"featured_media":0,"parent":0,"menu_order":0,"comment_status":"open","ping_status":"open","template":"","meta":{"jetpack_post_was_ever_published":false,"footnotes":""},"class_list":["post-69","page","type-page","status-publish","hentry"],"aioseo_notices":[],"yoast_head":"<!-- This site is optimized with the Yoast SEO plugin v24.2 - https:\/\/yoast.com\/wordpress\/plugins\/seo\/ -->\n<title>Contato - Ordem Dourada<\/title>\n<meta name=\"description\" content=\"p\u00e1gina destinada ao contato dos visitantes do site interessados para esclarecimentos sobre os trabalhos realizados pela ordem dourada do brasil\" \/>\n<meta name=\"robots\" content=\"index, follow, max-snippet:-1, max-image-preview:large, max-video-preview:-1\" \/>\n<link rel=\"canonical\" href=\"https:\/\/www.ordemdourada.org\/index.php\/contato\/\" \/>\n<meta property=\"og:locale\" content=\"pt_BR\" \/>\n<meta property=\"og:type\" content=\"article\" \/>\n<meta property=\"og:title\" content=\"Contato - Ordem Dourada\" \/>\n<meta property=\"og:description\" content=\"p\u00e1gina destinada ao contato dos visitantes do site interessados para esclarecimentos sobre os trabalhos realizados pela ordem dourada do brasil\" \/>\n<meta property=\"og:url\" content=\"https:\/\/www.ordemdourada.org\/index.php\/contato\/\" \/>\n<meta property=\"og:site_name\" content=\"Ordem Dourada\" \/>\n<meta property=\"article:modified_time\" content=\"2015-02-05T17:30:34+00:00\" \/>\n<script type=\"application\/ld+json\" class=\"yoast-schema-graph\">{\"@context\":\"https:\/\/schema.org\",\"@graph\":[{\"@type\":\"WebPage\",\"@id\":\"https:\/\/www.ordemdourada.org\/index.php\/contato\/\",\"url\":\"https:\/\/www.ordemdourada.org\/index.php\/contato\/\",\"name\":\"Contato - Ordem Dourada\",\"isPartOf\":{\"@id\":\"https:\/\/www.ordemdourada.org\/#website\"},\"datePublished\":\"2015-02-05T17:11:49+00:00\",\"dateModified\":\"2015-02-05T17:30:34+00:00\",\"description\":\"p\u00e1gina destinada ao contato dos visitantes do site interessados para esclarecimentos sobre os trabalhos realizados pela ordem dourada do brasil\",\"breadcrumb\":{\"@id\":\"https:\/\/www.ordemdourada.org\/index.php\/contato\/#breadcrumb\"},\"inLanguage\":\"pt-BR\",\"potentialAction\":[{\"@type\":\"ReadAction\",\"target\":[\"https:\/\/www.ordemdourada.org\/index.php\/contato\/\"]}]},{\"@type\":\"BreadcrumbList\",\"@id\":\"https:\/\/www.ordemdourada.org\/index.php\/contato\/#breadcrumb\",\"itemListElement\":[{\"@type\":\"ListItem\",\"position\":1,\"name\":\"In\u00edcio\",\"item\":\"https:\/\/www.ordemdourada.org\/\"},{\"@type\":\"ListItem\",\"position\":2,\"name\":\"Contato\"}]},{\"@type\":\"WebSite\",\"@id\":\"https:\/\/www.ordemdourada.org\/#website\",\"url\":\"https:\/\/www.ordemdourada.org\/\",\"name\":\"Ordem Dourada\",\"description\":\"Crist\u00e3os Unidos pela Salva\u00e7\u00e3o Mundial\",\"potentialAction\":[{\"@type\":\"SearchAction\",\"target\":{\"@type\":\"EntryPoint\",\"urlTemplate\":\"https:\/\/www.ordemdourada.org\/?s={search_term_string}\"},\"query-input\":{\"@type\":\"PropertyValueSpecification\",\"valueRequired\":true,\"valueName\":\"search_term_string\"}}],\"inLanguage\":\"pt-BR\"}]}<\/script>\n<!-- \/ Yoast SEO plugin. -->","yoast_head_json":{"title":"Contato - Ordem Dourada","description":"p\u00e1gina destinada ao contato dos visitantes do site interessados para esclarecimentos sobre os trabalhos realizados pela ordem dourada do brasil","robots":{"index":"index","follow":"follow","max-snippet":"max-snippet:-1","max-image-preview":"max-image-preview:large","max-video-preview":"max-video-preview:-1"},"canonical":"https:\/\/www.ordemdourada.org\/index.php\/contato\/","og_locale":"pt_BR","og_type":"article","og_title":"Contato - Ordem Dourada","og_description":"p\u00e1gina destinada ao contato dos visitantes do site interessados para esclarecimentos sobre os trabalhos realizados pela ordem dourada do brasil","og_url":"https:\/\/www.ordemdourada.org\/index.php\/contato\/","og_site_name":"Ordem Dourada","article_modified_time":"2015-02-05T17:30:34+00:00","schema":{"@context":"https:\/\/schema.org","@graph":[{"@type":"WebPage","@id":"https:\/\/www.ordemdourada.org\/index.php\/contato\/","url":"https:\/\/www.ordemdourada.org\/index.php\/contato\/","name":"Contato - Ordem Dourada","isPartOf":{"@id":"https:\/\/www.ordemdourada.org\/#website"},"datePublished":"2015-02-05T17:11:49+00:00","dateModified":"2015-02-05T17:30:34+00:00","description":"p\u00e1gina destinada ao contato dos visitantes do site interessados para esclarecimentos sobre os trabalhos realizados pela ordem dourada do brasil","breadcrumb":{"@id":"https:\/\/www.ordemdourada.org\/index.php\/contato\/#breadcrumb"},"inLanguage":"pt-BR","potentialAction":[{"@type":"ReadAction","target":["https:\/\/www.ordemdourada.org\/index.php\/contato\/"]}]},{"@type":"BreadcrumbList","@id":"https:\/\/www.ordemdourada.org\/index.php\/contato\/#breadcrumb","itemListElement":[{"@type":"ListItem","position":1,"name":"In\u00edcio","item":"https:\/\/www.ordemdourada.org\/"},{"@type":"ListItem","position":2,"name":"Contato"}]},{"@type":"WebSite","@id":"https:\/\/www.ordemdourada.org\/#website","url":"https:\/\/www.ordemdourada.org\/","name":"Ordem Dourada","description":"Crist\u00e3os Unidos pela Salva\u00e7\u00e3o Mundial","potentialAction":[{"@type":"SearchAction","target":{"@type":"EntryPoint","urlTemplate":"https:\/\/www.ordemdourada.org\/?s={search_term_string}"},"query-input":{"@type":"PropertyValueSpecification","valueRequired":true,"valueName":"search_term_string"}}],"inLanguage":"pt-BR"}]}},"jetpack_sharing_enabled":true,"jetpack_shortlink":"https:\/\/wp.me\/P4mm6X-17","_links":{"self":[{"href":"https:\/\/www.ordemdourada.org\/index.php\/wp-json\/wp\/v2\/pages\/69","targetHints":{"allow":["GET"]}}],"collection":[{"href":"https:\/\/www.ordemdourada.org\/index.php\/wp-json\/wp\/v2\/pages"}],"about":[{"href":"https:\/\/www.ordemdourada.org\/index.php\/wp-json\/wp\/v2\/types\/page"}],"author":[{"embeddable":true,"href":"https:\/\/www.ordemdourada.org\/index.php\/wp-json\/wp\/v2\/users\/1"}],"replies":[{"embeddable":true,"href":"https:\/\/www.ordemdourada.org\/index.php\/wp-json\/wp\/v2\/comments?post=69"}],"version-history":[{"count":3,"href":"https:\/\/www.ordemdourada.org\/index.php\/wp-json\/wp\/v2\/pages\/69\/revisions"}],"predecessor-version":[{"id":73,"href":"https:\/\/www.ordemdourada.org\/index.php\/wp-json\/wp\/v2\/pages\/69\/revisions\/73"}],"wp:attachment":[{"href":"https:\/\/www.ordemdourada.org\/index.php\/wp-json\/wp\/v2\/media?parent=69"}],"curies":[{"name":"wp","href":"https:\/\/api.w.org\/{rel}","templated":true}]}}